{"id":10172,"date":"2022-03-10T00:04:36","date_gmt":"2022-03-09T23:04:36","guid":{"rendered":"https:\/\/quai36.com\/?page_id=10172"},"modified":"2022-03-11T14:34:54","modified_gmt":"2022-03-11T13:34:54","slug":"legal-notices","status":"publish","type":"page","link":"https:\/\/quai36.com\/en\/legal-notices\/","title":{"rendered":"Legal notices"},"content":{"rendered":"<section  class=\"q36-block q36-content\" style=\"background-color:#ffffff;color:#000000;\">\n  <div class=\"section width-main-column type-title\">\n    <h1>LEGAL NOTICES<\/h1>\n  <\/div>\n<div class=\"section width-main-column type-text\">\n    <p class=\"p1\" style=\"text-align: left;\"><span class=\"s1\">Conform\u00e9ment aux dispositions des Articles 6-III et 19 de la Loi n\u00b02004-575 du 21 juin 2004 pour la Confiance dans l&#8217;\u00e9conomie num\u00e9rique, dite L.C.E.N., il est port\u00e9 \u00e0 la connaissance des utilisateurs et visiteurs du site Quai 36 les pr\u00e9sentes mentions l\u00e9gales.<\/span><\/p>\r\n<p class=\"p1\" style=\"text-align: left;\"><span class=\"s1\"><br \/>Le site Quai 36 est accessible \u00e0 l&#8217;adresse suivante : quai36.com (ci-apr\u00e8s &#8220;le Site&#8221;). L&#8217;acc\u00e8s et l&#8217;utilisation du Site sont soumis aux pr\u00e9sentes &#8221; Mentions l\u00e9gales&#8221; d\u00e9taill\u00e9es ci-apr\u00e8s ainsi qu&#8217;aux lois et\/ou r\u00e8glements applicables.<\/span><\/p>\r\n<p class=\"p1\" style=\"text-align: left;\"><span class=\"s1\">La connexion, l&#8217;utilisation et l&#8217;acc\u00e8s \u00e0 ce Site impliquent l&#8217;acceptation int\u00e9grale et sans r\u00e9serve de l&#8217;internaute de toutes les dispositions des pr\u00e9sentes Mentions L\u00e9gales.<\/span><\/p>\r\n<p class=\"p2\" style=\"text-align: left;\"><span class=\"s1\"><b><br \/>ARTICLE 1 &#8211; INFORMATIONS L\u00c9GALES<\/b><\/span><\/p>\r\n<p style=\"text-align: left;\">En vertu de l&#8217;Article 6 de la Loi n\u00b0 2004-575 du 21 juin 2004 pour la confiance dans l&#8217;\u00e9conomie num\u00e9rique, il est pr\u00e9cis\u00e9 dans cet article l&#8217;identit\u00e9 des diff\u00e9rents intervenants dans le cadre de sa r\u00e9alisation et de son suivi.<\/p>\r\n<p style=\"text-align: left;\">\u00a0<\/p>\r\n<p style=\"text-align: left;\">A. Editeur du site<\/p>\r\n<p class=\"p1\" style=\"text-align: left;\"><span class=\"s1\">Le site Quai 36 est \u00e9dit\u00e9 par :<\/span><\/p>\r\n<p class=\"p1\" style=\"text-align: left;\"><span class=\"s1\"><b>QUAI 36 PRODUCTION<\/b><\/span><\/p>\r\n<p class=\"p1\" style=\"text-align: left;\"><span class=\"s1\">ayant son si\u00e8ge social \u00e0 l&#8217;adresse suivante : 24 rue du Pr\u00e9-Saint-Gervais, 93500 Pantin, et immatricul\u00e9e au num\u00e9ro suivant : RCS PARIS 828 980 227.<\/span><\/p>\r\n<p class=\"p1\" style=\"text-align: left;\"><span class=\"s1\">Adresse e-mail : contact@quai36.com<\/span><\/p>\r\n<p class=\"p1\" style=\"text-align: left;\"><span class=\"s1\"><i>ci-apr\u00e8s &#8221; l&#8217;\u00c9diteur &#8220;<\/i><\/span><\/p>\r\n<p style=\"text-align: left;\">\u00a0<\/p>\r\n<p class=\"p1\" style=\"text-align: left;\">B. Directeur de publication<\/p>\r\n<p class=\"p1\" style=\"text-align: left;\"><span class=\"s1\">Le Directeur de publication est :<\/span><\/p>\r\n<p class=\"p1\" style=\"text-align: left;\"><span class=\"s1\"><b>Jonas Ramuz<\/b><\/span><\/p>\r\n<p class=\"p1\" style=\"text-align: left;\"><span class=\"s1\">Adresse e-mail de contact : jonas.ramuz@quai36.com<\/span><\/p>\r\n<p class=\"p1\" style=\"text-align: left;\"><span class=\"s1\"><i>ci-apr\u00e8s &#8221; le Directeur de publication &#8220;<\/i><\/span><\/p>\r\n<p style=\"text-align: left;\">\u00a0<\/p>\r\n<p class=\"p1\" style=\"text-align: left;\">C. H\u00e9bergeur du site<\/p>\r\n<p class=\"p1\" style=\"text-align: left;\"><span class=\"s1\">Le site Quai 36 est h\u00e9berg\u00e9 par :<\/span><\/p>\r\n<p class=\"p1\" style=\"text-align: left;\"><b>OVH SAS<\/b><\/p>\r\n<p class=\"p1\" style=\"text-align: left;\"><span class=\"s1\">dont le si\u00e8ge est situ\u00e9 \u00e0 l&#8217;adresse suivante : 2 rue Kellermann, 59100 Roubaix.<\/span><\/p>\r\n<p class=\"p1\" style=\"text-align: left;\"><span class=\"s1\"><i>ci-apr\u00e8s &#8221; l&#8217;H\u00e9bergeur &#8220;<\/i><\/span><\/p>\r\n<p style=\"text-align: left;\">\u00a0<\/p>\r\n<p class=\"p1\" style=\"text-align: left;\"><span class=\"s1\"><b>D.<\/b>\u00a0Utilisateurs<\/span><\/p>\r\n<p class=\"p1\" style=\"text-align: left;\"><span class=\"s1\">Sont consid\u00e9r\u00e9s comme utilisateurs tous les internautes qui naviguent, lisent, visionnent et utilisent le site Quai 36.<\/span><\/p>\r\n<p class=\"p1\" style=\"text-align: left;\"><span class=\"s1\"><i>ci-apr\u00e8s les &#8221; Utilisateurs &#8220;<\/i><\/span><\/p>\r\n<p class=\"p2\" style=\"text-align: left;\"><span class=\"s1\"><b><br \/>ARTICLE 2 &#8211; CONFIDENTIALITE<\/b><\/span><\/p>\r\n<p class=\"p1\" style=\"text-align: left;\"><span class=\"s1\">L&#8217;Editeur du site porte \u00e0 la connaissance de l&#8217;Utilisateur que dans le cadre de sa navigation sur le site, ses donn\u00e9es \u00e0 caract\u00e8re personnel ne sont ni trait\u00e9es, ni collect\u00e9es.<\/span><\/p>\r\n<p class=\"p1\" style=\"text-align: left;\"><span class=\"s1\">Ainsi, l&#8217;Editeur d\u00e9clare ne collecter ou ne traiter aucune information \u00e9tant de nature \u00e0 pouvoir identifier l&#8217;Utilisateur.<\/span><\/p>\r\n<p style=\"text-align: left;\">Ce site utilise\u00a0<a href=\"http:\/\/www.google.com\/analytics\/fr-FR\/\" target=\"_self\">Google Analytics<\/a>, un service d&#8217;analyse de site internet fourni par Google Inc. (\u00ab Google \u00bb). Google Analytics utilise des cookies, qui sont des fichiers texte plac\u00e9s sur votre ordinateur, pour aider le site internet \u00e0 analyser l&#8217;utilisation du site par ses utilisateurs. Les donn\u00e9es g\u00e9n\u00e9r\u00e9es par les cookies concernant votre utilisation du site (y compris votre adresse IP) seront transmises et stock\u00e9es par Google sur des serveurs situ\u00e9s aux Etats-Unis. Google utilisera cette information dans le but d&#8217;\u00e9valuer votre utilisation du site, de compiler des rapports sur l&#8217;activit\u00e9 du site \u00e0 destination de son \u00e9diteur et de fournir d&#8217;autres services relatifs \u00e0 l&#8217;activit\u00e9 du site et \u00e0 l&#8217;utilisation d&#8217;Internet.<\/p>\r\n<p style=\"text-align: left;\">Google est susceptible de communiquer ces donn\u00e9es \u00e0 des tiers en cas d&#8217;obligation l\u00e9gale ou lorsque ces tiers traitent ces donn\u00e9es pour le compte de Google, y compris notamment l&#8217;\u00e9diteur de ce site. Google ne recoupera pas votre adresse IP avec toute autre donn\u00e9e d\u00e9tenue par Google. Vous pouvez d\u00e9sactiver l&#8217;utilisation de cookies en s\u00e9lectionnant les param\u00e8tres appropri\u00e9s de votre navigateur. Cependant, une telle d\u00e9sactivation pourrait emp\u00eacher l&#8217;utilisation de certaines fonctionnalit\u00e9s de ce site. En utilisant ce site internet, vous consentez express\u00e9ment au traitement de vos donn\u00e9es nominatives par Google dans les conditions et pour les finalit\u00e9s d\u00e9crites ci-dessus.<\/p>\r\n<p class=\"p2\" style=\"text-align: left;\"><span class=\"s1\"><b><br \/>ARTICLE 3 &#8211; ACCESSIBILIT\u00c9<\/b><\/span><\/p>\r\n<p style=\"text-align: left;\">Le Site est par principe accessible aux Utilisateurs 24\/24h et 7\/7j, sauf interruption, programm\u00e9e ou non, pour des besoins de maintenance ou en cas de force majeure.<\/p>\r\n<p class=\"p1\" style=\"text-align: left;\"><span class=\"s1\">En cas d&#8217;impossibilit\u00e9 d&#8217;acc\u00e8s au Site, celui-ci s&#8217;engage \u00e0 faire son maximum afin d&#8217;en r\u00e9tablir l&#8217;acc\u00e8s. Le Site ne saurait \u00eatre tenu pour responsable de tout dommage, quelle qu&#8217;en soit la nature, r\u00e9sultant de son indisponibilit\u00e9.<\/span><\/p>\r\n<p class=\"p2\" style=\"text-align: left;\"><span class=\"s1\"><b><br \/>ARTICLE 4 &#8211; LOI APPLICABLE ET JURIDICTION<\/b><\/span><\/p>\r\n<p style=\"text-align: left;\">Les pr\u00e9sentes Mentions L\u00e9gales sont r\u00e9gies par la loi fran\u00e7aise. En cas de diff\u00e9rend et \u00e0 d\u00e9faut d&#8217;accord amiable, le litige sera port\u00e9 devant les tribunaux fran\u00e7ais conform\u00e9ment aux r\u00e8gles de comp\u00e9tence en vigueur.<\/p>\r\n<p class=\"p2\" style=\"text-align: left;\"><span class=\"s1\"><b><br \/>ARTICLE 5 &#8211; CONTACT<\/b><\/span><\/p>\r\n<p style=\"text-align: left;\">Pour tout signalement de contenus ou d&#8217;activit\u00e9s illicites, l&#8217;Utilisateur peut contacter l&#8217;\u00c9diteur \u00e0 l&#8217;adresse suivante : contact@quai36.com, ou par courrier recommand\u00e9 avec accus\u00e9 de r\u00e9ception adress\u00e9 \u00e0 l&#8217;\u00c9diteur aux coordonn\u00e9es pr\u00e9cis\u00e9es dans les pr\u00e9sentes mentions l\u00e9gales.<\/p>\n  <\/div>\n<\/section>","protected":false},"excerpt":{"rendered":"","protected":false},"author":1,"featured_media":0,"parent":0,"menu_order":0,"comment_status":"closed","ping_status":"closed","template":"","meta":{"footnotes":""},"class_list":["post-10172","page","type-page","status-publish","hentry"],"yoast_head":"<!-- This site is optimized with the Yoast SEO plugin v24.2 - https:\/\/yoast.com\/wordpress\/plugins\/seo\/ -->\n<title>Legal notices - Quai 36, Street Art production<\/title>\n<meta name=\"robots\" content=\"index, follow, max-snippet:-1, max-image-preview:large, max-video-preview:-1\" \/>\n<link rel=\"canonical\" href=\"https:\/\/quai36.com\/en\/legal-notices\/\" \/>\n<meta property=\"og:locale\" content=\"en_US\" \/>\n<meta property=\"og:type\" content=\"article\" \/>\n<meta property=\"og:title\" content=\"Legal notices - Quai 36, Street Art production\" \/>\n<meta property=\"og:url\" content=\"https:\/\/quai36.com\/en\/legal-notices\/\" \/>\n<meta property=\"og:site_name\" content=\"Quai 36, Street Art production\" \/>\n<meta property=\"article:modified_time\" content=\"2022-03-11T13:34:54+00:00\" \/>\n<meta property=\"og:image\" content=\"https:\/\/quai36.com\/wp-content\/uploads\/2019\/03\/quai-36-facebook.jpg\" \/>\n\t<meta property=\"og:image:width\" content=\"1200\" \/>\n\t<meta property=\"og:image:height\" content=\"630\" \/>\n\t<meta property=\"og:image:type\" content=\"image\/jpeg\" \/>\n<meta name=\"twitter:card\" content=\"summary_large_image\" \/>\n<script type=\"application\/ld+json\" class=\"yoast-schema-graph\">{\"@context\":\"https:\/\/schema.org\",\"@graph\":[{\"@type\":\"WebPage\",\"@id\":\"https:\/\/quai36.com\/en\/legal-notices\/\",\"url\":\"https:\/\/quai36.com\/en\/legal-notices\/\",\"name\":\"Legal notices - Quai 36, Street Art production\",\"isPartOf\":{\"@id\":\"https:\/\/quai36.com\/#website\"},\"datePublished\":\"2022-03-09T23:04:36+00:00\",\"dateModified\":\"2022-03-11T13:34:54+00:00\",\"inLanguage\":\"en-US\",\"potentialAction\":[{\"@type\":\"ReadAction\",\"target\":[\"https:\/\/quai36.com\/en\/legal-notices\/\"]}]},{\"@type\":\"WebSite\",\"@id\":\"https:\/\/quai36.com\/#website\",\"url\":\"https:\/\/quai36.com\/\",\"name\":\"Quai 36, Street Art production\",\"description\":\"\",\"potentialAction\":[{\"@type\":\"SearchAction\",\"target\":{\"@type\":\"EntryPoint\",\"urlTemplate\":\"https:\/\/quai36.com\/?s={search_term_string}\"},\"query-input\":{\"@type\":\"PropertyValueSpecification\",\"valueRequired\":true,\"valueName\":\"search_term_string\"}}],\"inLanguage\":\"en-US\"}]}<\/script>\n<!-- \/ Yoast SEO plugin. -->","yoast_head_json":{"title":"Legal notices - Quai 36, Street Art production","robots":{"index":"index","follow":"follow","max-snippet":"max-snippet:-1","max-image-preview":"max-image-preview:large","max-video-preview":"max-video-preview:-1"},"canonical":"https:\/\/quai36.com\/en\/legal-notices\/","og_locale":"en_US","og_type":"article","og_title":"Legal notices - Quai 36, Street Art production","og_url":"https:\/\/quai36.com\/en\/legal-notices\/","og_site_name":"Quai 36, Street Art production","article_modified_time":"2022-03-11T13:34:54+00:00","og_image":[{"width":1200,"height":630,"url":"https:\/\/quai36.com\/wp-content\/uploads\/2019\/03\/quai-36-facebook.jpg","type":"image\/jpeg"}],"twitter_card":"summary_large_image","schema":{"@context":"https:\/\/schema.org","@graph":[{"@type":"WebPage","@id":"https:\/\/quai36.com\/en\/legal-notices\/","url":"https:\/\/quai36.com\/en\/legal-notices\/","name":"Legal notices - Quai 36, Street Art production","isPartOf":{"@id":"https:\/\/quai36.com\/#website"},"datePublished":"2022-03-09T23:04:36+00:00","dateModified":"2022-03-11T13:34:54+00:00","inLanguage":"en-US","potentialAction":[{"@type":"ReadAction","target":["https:\/\/quai36.com\/en\/legal-notices\/"]}]},{"@type":"WebSite","@id":"https:\/\/quai36.com\/#website","url":"https:\/\/quai36.com\/","name":"Quai 36, Street Art production","description":"","potentialAction":[{"@type":"SearchAction","target":{"@type":"EntryPoint","urlTemplate":"https:\/\/quai36.com\/?s={search_term_string}"},"query-input":{"@type":"PropertyValueSpecification","valueRequired":true,"valueName":"search_term_string"}}],"inLanguage":"en-US"}]}},"_links":{"self":[{"href":"https:\/\/quai36.com\/en\/wp-json\/wp\/v2\/pages\/10172","targetHints":{"allow":["GET"]}}],"collection":[{"href":"https:\/\/quai36.com\/en\/wp-json\/wp\/v2\/pages"}],"about":[{"href":"https:\/\/quai36.com\/en\/wp-json\/wp\/v2\/types\/page"}],"author":[{"embeddable":true,"href":"https:\/\/quai36.com\/en\/wp-json\/wp\/v2\/users\/1"}],"replies":[{"embeddable":true,"href":"https:\/\/quai36.com\/en\/wp-json\/wp\/v2\/comments?post=10172"}],"version-history":[{"count":2,"href":"https:\/\/quai36.com\/en\/wp-json\/wp\/v2\/pages\/10172\/revisions"}],"predecessor-version":[{"id":10192,"href":"https:\/\/quai36.com\/en\/wp-json\/wp\/v2\/pages\/10172\/revisions\/10192"}],"wp:attachment":[{"href":"https:\/\/quai36.com\/en\/wp-json\/wp\/v2\/media?parent=10172"}],"curies":[{"name":"wp","href":"https:\/\/api.w.org\/{rel}","templated":true}]}}